{"id":2526,"date":"2019-09-10T13:03:23","date_gmt":"2019-09-10T13:03:23","guid":{"rendered":"https:\/\/climateheritage.eu\/tools\/"},"modified":"2023-07-04T12:19:31","modified_gmt":"2023-07-04T09:19:31","slug":"tools","status":"publish","type":"page","link":"https:\/\/climateheritage.eu\/es\/tools\/","title":{"rendered":"Recursos"},"content":{"rendered":"<div>Materiales de Climate Heritage<\/div>\n<h1>El juego Climate Heritage<br \/>y la Gu\u00eda de Aprendizaje<\/h1>\n<div>\n<h1 style=\"background-color:#fff;\" >El juego Climate Heritage<\/h1>\n<\/div>\n<h2>El juego Climate Heritage<\/h2>\n<div>\n<p><strong>Un juego educativo para estudiantes de secundaria de 13 a 18 a\u00f1os.<\/strong><\/p>\n<p>Ayuda a los estudiantes a descubrir su patrimonio cultural local y c\u00f3mo \u00e9ste se ve afectado por el cambio clim\u00e1tico. Invol\u00facralos a trav\u00e9s del juego gratuito Climate Heritage.<\/p>\n<p>\u00a1Aprende sobre tu patrimonio local a trav\u00e9s de v\u00eddeos y preguntas interesantes y divertidas!<\/p>\n<p>Y prueba tus conocimientos adquiridos mediante retos desafiantes.<\/p>\n<p><strong>\u00a1Expande el juego!<\/strong><\/p>\n<p>\u00bfQuieres que aparezcan tus puntos de referencia locales? Crea el contenido y comparte las maravillas de tu regi\u00f3n; y contribuye a la salvaguardia de los monumentos en peligro mediante la sensibilizaci\u00f3n y la concienciaci\u00f3n.<\/p>\n<\/div>\n<p>\n    <a href=\"https:\/\/learninglibrary.eu\/login\/index.php?lang=es\"> \u00a1Que empiece el juego!<\/a>\n<\/p>\n<div>\n<h1 style=\"background-color: #fff;\">Curso de formaci\u00f3n para profesores y formadores<\/h1>\n<\/div>\n<h2>Curso de formaci\u00f3n para profesores y formadores<\/h2>\n<div>\n<p>Mejora tus competencias digitales y aprende a crear juegos online, simples, para enriquecer tus m\u00e9todos de ense\u00f1anza. En esta gu\u00eda aprender\u00e1s sobre:<\/p>\n<ul>\n<li>La creaci\u00f3n de juegos digitales<\/li>\n<li>La creaci\u00f3n de contenidos digitales<\/li>\n<li>La seguridad<\/li>\n<li>La resoluci\u00f3n de problemas<\/li>\n<\/ul>\n<p><strong>Aprender a tu propio ritmo<\/strong> con recursos espec\u00edficos, ejemplos y ejercicios pr\u00e1cticos.<\/p>\n<p><strong>Autoeval\u00faa<\/strong> tus conocimientos con cuestionarios y pruebas.<\/p>\n<p>Descarga la gu\u00eda y comienza a mejorar tus competencias digitales para que tus clases sean divertidas, atractivas y memorables.<\/p>\n<\/div>\n<p>\n    <a href=\"https:\/\/climateheritage.eu\/wp-content\/uploads\/2023\/06\/IO1.-CLIMATE-HERITAGE_Handbook_Final_ES.pdf\">Desc\u00e1rgalo aqui<\/a>\n<\/p>\n<p>\n    <a href=\"\/wp-content\/uploads\/2023\/06\/IO1.-CLIMATE-HERITAGE_Handbook_Final_ES.pdf\">Planes de clase<\/a>\n<\/p>\n<p><img src=\"\/wp-content\/uploads\/2021\/11\/Mountain-B.svg\" alt=\"\"><\/p>\n<div>\n<p>Este proyecto ha sido financiado con el apoyo de la Comisi\u00f3n Europea. Este portal refleja \u00fanicamente las opiniones de los desarrolladores, y la Comisi\u00f3n no se hace responsable del uso que pueda hacerse de la informaci\u00f3n contenida en \u00e9l.<\/p>\n<\/div>\n<div>\n<h5>N\u00famero de proyecto:\u00a02020-1-FR01-KA204-080543<\/h5>\n<\/div>\n<p><img src=\"\/wp-content\/uploads\/2021\/11\/E-logo-left-white-trimmed.png\" alt=\"\"><br \/>\n<img src=\"\/wp-content\/uploads\/2021\/11\/CHG-logo-white-horiz.png\" alt=\"\"><\/p>\n<div>\n<p>El proyecto The Climate Heritage Game tiene como objetivo concienciar al alumnado y profesorado de secundaria de toda Europa sobre cuestiones relacionadas con el cambio clim\u00e1tico y la protecci\u00f3n del patrimonio cultural mediante la inclusi\u00f3n de juegos digitales en sus planes de lecciones diarias.<\/p>\n<\/div>\n<ul>\n<li>\n<p><a href=\"https:\/\/climateheritage.eu\/es\"><\/p>\n<p>Inicio<\/p>\n<p><\/a><\/p>\n<\/li>\n<li>\n<p><a href=\"\/es\/tools\/\">Recursos<\/a><\/p>\n<\/li>\n<li>\n<p><a href=\"\/es\/partners\/\"><\/p>\n<p>Socios &amp; Contactos<\/p>\n<p><\/a><\/p>\n<\/li>\n<li>\n<p><a href=\"\/es\/news\/\">Noticias<\/a><\/p>\n<\/li>\n<\/ul>\n<div>\n<p>\u00a92021 climateheritage.eu &#8211; Todos los derechos reservados.<a href=\"https:\/\/climateheritage.eu\/privacy-policy\"> POL\u00cdTICA DE PRIVACIDAD<\/a><\/p>\n<\/div>\n<ul>\n<li><a href=\"https:\/\/www.facebook.com\/Climate-Heritage-103847071992624\">facebook<\/a>\n<\/li>\n<\/ul>\n<p><!--more--><br \/>\n<!-- {\"type\":\"layout\",\"children\":[{\"type\":\"section\",\"props\":{\"style\":\"default\",\"width\":\"large\",\"vertical_align\":\"middle\",\"title_position\":\"center-right\",\"title_rotation\":\"left\",\"title_breakpoint\":\"xl\",\"image_position\":\"top-center\",\"text_color\":\"light\",\"height\":\"full\",\"padding\":\"none\",\"header_transparent\":\"light\",\"image\":\"wp-content\\\/uploads\\\/2021\\\/11\\\/project-tools-hero-scaled.jpg\",\"header_transparent_noplaceholder\":true,\"title\":\"\",\"image_size\":\"cover\",\"image_effect\":\"parallax\",\"padding_remove_bottom\":false,\"image_parallax_bgy_start\":\"-5vw\",\"image_parallax_bgy_end\":\"4vw\",\"image_parallax_breakpoint\":\"s\",\"media_background\":\"#AEAEAE\",\"media_blend_mode\":\"multiply\",\"animation\":\"fade\"},\"children\":[{\"type\":\"row\",\"children\":[{\"type\":\"column\",\"props\":{\"image_position\":\"center-center\",\"media_overlay_gradient\":\"\",\"width_medium\":\"1-1\",\"position_sticky_breakpoint\":\"m\",\"image\":\"\",\"vertical_align\":\"middle\",\"image_size\":\"height-1-1\",\"media_blend_mode\":\"overlay\"},\"children\":[{\"type\":\"headline\",\"props\":{\"title_element\":\"div\",\"title_style\":\"h3\",\"margin\":\"small\",\"text_align\":\"center\",\"content\":\"Materiales de Climate Heritage\",\"title_font_family\":\"tertiary\"}},{\"type\":\"headline\",\"props\":{\"title_element\":\"h1\",\"title_style\":\"heading-medium\",\"maxwidth_breakpoint\":\"m\",\"block_align\":\"center\",\"text_align\":\"center\",\"content\":\"El juego Climate Heritage<br \\\/>y la Gu\\u00eda de Aprendizaje\",\"margin_remove_top\":true}}]}]}],\"name\":\"Hero\"},{\"type\":\"section\",\"props\":{\"style\":\"default\",\"width\":\"\",\"vertical_align\":\"\",\"title_position\":\"top-left\",\"title_rotation\":\"left\",\"title_breakpoint\":\"xl\",\"image_position\":\"center-center\",\"width_expand\":\"left\",\"height\":\"full\",\"padding\":\"large\",\"padding_remove_top\":true,\"padding_remove_bottom\":false},\"children\":[{\"type\":\"row\",\"props\":{\"layout\":\"1-2,1-2\",\"width_expand\":\"left\",\"match\":false,\"class\":\"\",\"id\":\"beginners\",\"column_gap\":\"collapse\",\"row_gap\":\"collapse\",\"padding_remove_horizontal\":true,\"width\":\"large\",\"margin\":\"remove-vertical\"},\"children\":[{\"type\":\"column\",\"props\":{\"image_position\":\"center-center\",\"media_overlay_gradient\":\"\",\"image\":\"wp-content\\\/uploads\\\/2021\\\/11\\\/SMichel-bg-scaled.jpg\",\"image_size\":\"cover\",\"css\":\".el-column { min-height: 350px; }\",\"width_medium\":\"1-2\",\"position_sticky_breakpoint\":\"m\",\"vertical_align\":\"middle\",\"padding\":\"small\"},\"children\":[{\"type\":\"headline\",\"props\":{\"title_element\":\"div\",\"content\":\"\n\n<h1 style=\\\"background-color:#fff;\\\" >El juego Climate Heritage<\\\/h1>\",\"title_font_family\":\"tertiary\",\"title_style\":\"heading-large\",\"text_align\":\"center\"}}]},{\"type\":\"column\",\"props\":{\"image_position\":\"center-center\",\"media_overlay_gradient\":\"\",\"vertical_align\":\"middle\",\"style\":\"default\",\"width_medium\":\"1-2\",\"position_sticky_breakpoint\":\"m\",\"image\":\"wp-content\\\/uploads\\\/yootheme\\\/circle-bg-02.svg\",\"image_width\":\"600\",\"image_height\":\"600\"},\"children\":[{\"type\":\"headline\",\"props\":{\"title_element\":\"h2\",\"margin\":\"medium\",\"maxwidth\":\"large\",\"block_align\":\"center\",\"animation\":\"none\",\"content\":\"El juego Climate Heritage\"}},{\"type\":\"text\",\"props\":{\"margin\":\"default\",\"column_breakpoint\":\"m\",\"content\":\"\n\n<p><strong>Un juego educativo para estudiantes de secundaria de 13 a 18 a\\u00f1os.<\\\/strong><\\\/p>\\n\n\n<p>Ayuda a los estudiantes a descubrir su patrimonio cultural local y c\\u00f3mo \\u00e9ste se ve afectado por el cambio clim\\u00e1tico. Invol\\u00facralos a trav\\u00e9s del juego gratuito Climate Heritage.<\\\/p>\\n\n\n<p>\\u00a1Aprende sobre tu patrimonio local a trav\\u00e9s de v\\u00eddeos y preguntas interesantes y divertidas!<\\\/p>\\n\n\n<p>Y prueba tus conocimientos adquiridos mediante retos desafiantes.<\\\/p>\\n\n\n<p><strong>\\u00a1Expande el juego!<\\\/strong><\\\/p>\\n\n\n<p>\\u00bfQuieres que aparezcan tus puntos de referencia locales? Crea el contenido y comparte las maravillas de tu regi\\u00f3n; y contribuye a la salvaguardia de los monumentos en peligro mediante la sensibilizaci\\u00f3n y la concienciaci\\u00f3n.<\\\/p>\",\"text_color\":\"emphasis\"}},{\"type\":\"button\",\"props\":{\"grid_column_gap\":\"small\",\"grid_row_gap\":\"small\",\"margin\":\"large\",\"button_size\":\"large\",\"text_align\":\"center\",\"status\":\"\"},\"children\":[{\"type\":\"button_item\",\"props\":{\"button_style\":\"primary\",\"icon_align\":\"left\",\"content\":\" \\u00a1Que empiece el juego!\",\"link\":\"https:\\\/\\\/learninglibrary.eu\\\/login\\\/index.php?lang=es\"}}]}]}]},{\"type\":\"row\",\"props\":{\"layout\":\"1-2,1-2\",\"width_expand\":\"right\",\"margin\":\"remove-vertical\",\"match\":false,\"id\":\"advanced\",\"column_gap\":\"collapse\",\"row_gap\":\"collapse\",\"padding_remove_horizontal\":true,\"width\":\"large\"},\"children\":[{\"type\":\"column\",\"props\":{\"image_position\":\"center-center\",\"media_overlay_gradient\":\"\",\"image\":\"wp-content\\\/uploads\\\/2021\\\/11\\\/tBelem-bg-scaled.jpg\",\"image_size\":\"cover\",\"css\":\".el-column { min-height: 350px; }\",\"width_medium\":\"1-2\",\"position_sticky_breakpoint\":\"m\",\"vertical_align\":\"middle\",\"padding\":\"small\"},\"children\":[{\"type\":\"headline\",\"props\":{\"title_element\":\"div\",\"content\":\"\n\n<h1 style=\\\"background-color: #fff;\\\">Curso de formaci\\u00f3n para profesores y formadores<\\\/h1>\",\"title_font_family\":\"tertiary\",\"title_style\":\"heading-large\",\"text_align\":\"center\"}}]},{\"type\":\"column\",\"props\":{\"image_position\":\"center-center\",\"media_overlay_gradient\":\"\",\"vertical_align\":\"middle\",\"style\":\"default\",\"width_medium\":\"1-2\",\"order_first\":\"m\",\"position_sticky_breakpoint\":\"m\",\"image\":\"wp-content\\\/uploads\\\/yootheme\\\/circle-bg-02.svg\",\"image_width\":\"600\",\"image_height\":\"600\"},\"children\":[{\"type\":\"headline\",\"props\":{\"title_element\":\"h2\",\"margin\":\"medium\",\"maxwidth\":\"large\",\"block_align\":\"center\",\"content\":\"Curso de formaci\\u00f3n para profesores y formadores\",\"margin_remove_top\":true}},{\"type\":\"text\",\"props\":{\"margin\":\"default\",\"column_breakpoint\":\"m\",\"content\":\"\n\n<p>Mejora tus competencias digitales y aprende a crear juegos online, simples, para enriquecer tus m\\u00e9todos de ense\\u00f1anza. En esta gu\\u00eda aprender\\u00e1s sobre:<\\\/p>\\n\n\n<ul>\\n\n\n<li>La creaci\\u00f3n de juegos digitales<\\\/li>\\n\n\n<li>La creaci\\u00f3n de contenidos digitales<\\\/li>\\n\n\n<li>La seguridad<\\\/li>\\n\n\n<li>La resoluci\\u00f3n de problemas<\\\/li>\\n<\\\/ul>\\n\n\n<p><strong>Aprender a tu propio ritmo<\\\/strong> con recursos espec\\u00edficos, ejemplos y ejercicios pr\\u00e1cticos.<\\\/p>\\n\n\n<p><strong>Autoeval\\u00faa<\\\/strong> tus conocimientos con cuestionarios y pruebas.<\\\/p>\\n\n\n<p>Descarga la gu\\u00eda y comienza a mejorar tus competencias digitales para que tus clases sean divertidas, atractivas y memorables.<\\\/p>\",\"text_color\":\"emphasis\"}},{\"type\":\"button\",\"props\":{\"grid_column_gap\":\"small\",\"grid_row_gap\":\"small\",\"margin\":\"large\",\"button_size\":\"large\",\"text_align\":\"center\",\"status\":\"\"},\"children\":[{\"type\":\"button_item\",\"props\":{\"button_style\":\"primary\",\"icon_align\":\"left\",\"content\":\"Desc\\u00e1rgalo aqui\",\"link\":\"https:\\\/\\\/climateheritage.eu\\\/wp-content\\\/uploads\\\/2023\\\/06\\\/IO1.-CLIMATE-HERITAGE_Handbook_Final_ES.pdf\",\"status\":\"\",\"link_title\":\"\",\"link_target\":\"blank\"}}]},{\"type\":\"button\",\"props\":{\"grid_column_gap\":\"small\",\"grid_row_gap\":\"small\",\"margin\":\"large\",\"button_size\":\"large\",\"text_align\":\"center\",\"status\":\"\"},\"children\":[{\"type\":\"button_item\",\"props\":{\"button_style\":\"primary\",\"icon_align\":\"left\",\"content\":\"Planes de clase\",\"link\":\"wp-content\\\/uploads\\\/2023\\\/06\\\/IO1.-CLIMATE-HERITAGE_Handbook_Final_ES.pdf\",\"status\":\"\",\"link_title\":\"\",\"link_target\":\"blank\"}}]}]}]}],\"name\":\"Lessons\"},{\"type\":\"section\",\"props\":{\"style\":\"default\",\"width\":\"small\",\"vertical_align\":\"middle\",\"title_position\":\"top-left\",\"title_rotation\":\"left\",\"title_breakpoint\":\"xl\",\"image_position\":\"center-center\",\"status\":\"disabled\"},\"children\":[{\"type\":\"row\",\"children\":[{\"type\":\"column\",\"props\":{\"image_position\":\"center-center\",\"media_overlay_gradient\":\"\",\"width_medium\":\"1-1\",\"position_sticky_breakpoint\":\"m\"},\"children\":[{\"type\":\"headline\",\"props\":{\"title_element\":\"div\",\"title_style\":\"h3\",\"margin\":\"small\",\"content\":\"Good to Know\",\"title_font_family\":\"tertiary\"}},{\"type\":\"headline\",\"props\":{\"title_element\":\"h2\",\"maxwidth\":\"2xlarge\",\"content\":\"Frequently Asked Questions\",\"margin_remove_top\":true}},{\"type\":\"text\",\"props\":{\"margin\":\"large\",\"column_breakpoint\":\"m\",\"maxwidth\":\"xlarge\",\"margin_remove_top\":true}},{\"type\":\"accordion\",\"props\":{\"show_image\":true,\"show_link\":true,\"collapsible\":true,\"image_svg_color\":\"emphasis\",\"image_align\":\"top\",\"image_grid_width\":\"1-2\",\"link_text\":\"Read more\",\"link_style\":\"default\",\"image_grid_breakpoint\":\"m\",\"content_column_breakpoint\":\"m\"},\"children\":[{\"type\":\"accordion_item\",\"props\":{\"title\":\"What Do I Need to Bring to My Lesson\\\/Camp?\",\"content\":\"Lorem ipsum dolor sit amet, consectetur adipiscing elit, sed do eiusmod tempor incididunt ut labore et dolore magna aliqua. Ut enim ad minim veniam, quis nostrud exercitation ullamco laboris nisi ut aliquip ex ea commodo consequat.\"}},{\"type\":\"accordion_item\",\"props\":{\"title\":\"What Is the Minimum Age for Surf Courses?\",\"content\":\"Lorem ipsum dolor sit amet, consectetur adipiscing elit, sed do eiusmod tempor incididunt ut labore et dolore magna aliqua. Ut enim ad minim veniam, quis nostrud exercitation ullamco laboris nisi ut aliquip ex ea commodo consequat.\"}},{\"type\":\"accordion_item\",\"props\":{\"title\":\"Do You Have to Know How to Swim?\",\"content\":\"Lorem ipsum dolor sit amet, consectetur adipiscing elit, sed do eiusmod tempor incididunt ut labore et dolore magna aliqua. Ut enim ad minim veniam, quis nostrud exercitation ullamco laboris nisi ut aliquip ex ea commodo consequat.\"}},{\"type\":\"accordion_item\",\"props\":{\"title\":\"Can I Rent the Equipment After the Lesson?\",\"content\":\"Lorem ipsum dolor sit amet, consectetur adipiscing elit, sed do eiusmod tempor incididunt ut labore et dolore magna aliqua. Ut enim ad minim veniam, quis nostrud exercitation ullamco laboris nisi ut aliquip ex ea commodo consequat.\"}},{\"type\":\"accordion_item\",\"props\":{\"title\":\"What Payment Do You Accept?\",\"content\":\"Lorem ipsum dolor sit amet, consectetur adipiscing elit, sed do eiusmod tempor incididunt ut labore et dolore magna aliqua. Ut enim ad minim veniam, quis nostrud exercitation ullamco laboris nisi ut aliquip ex ea commodo consequat.\"}}]}]}]}],\"name\":\"FAQ\"},{\"type\":\"section\",\"props\":{\"style\":\"default\",\"width\":\"\",\"vertical_align\":\"middle\",\"title_position\":\"top-left\",\"title_rotation\":\"left\",\"title_breakpoint\":\"xl\",\"image_position\":\"center-center\",\"padding\":\"none\"},\"children\":[{\"type\":\"row\",\"children\":[{\"type\":\"column\",\"props\":{\"position_sticky_breakpoint\":\"m\",\"image_position\":\"center-center\",\"media_overlay_gradient\":\"\"},\"children\":[{\"type\":\"image\",\"props\":{\"margin\":\"default\",\"image_svg_color\":\"emphasis\",\"image\":\"wp-content\\\/uploads\\\/2021\\\/11\\\/Mountain-B.svg\"}}]}]}],\"name\":\"Decor\"},{\"name\":\"Footer_spanish\",\"type\":\"section\",\"props\":{\"width\":\"large\",\"style\":\"secondary\",\"image_size\":\"width-1-1\",\"class\":\"tm-footer\",\"vertical_align\":\"middle\",\"title_position\":\"top-left\",\"title_rotation\":\"left\",\"title_breakpoint\":\"xl\",\"image_position\":\"top-center\",\"padding_remove_top\":false,\"padding_remove_bottom\":true,\"image\":\"wp-content\\\/uploads\\\/2021\\\/11\\\/Green-circle.svg\"},\"children\":[{\"name\":\"\",\"type\":\"row\",\"props\":{\"layout\":\"1-3,1-3,1-3\",\"vertical_align\":true,\"column_gap\":\"large\",\"row_gap\":\"large\"},\"children\":[{\"name\":\"\",\"type\":\"column\",\"props\":{\"image_position\":\"center-center\",\"media_overlay_gradient\":\"\",\"position_sticky_breakpoint\":\"m\",\"width_medium\":\"1-3\"},\"children\":[{\"type\":\"text\",\"props\":{\"margin\":\"default\",\"column_breakpoint\":\"m\",\"content\":\"\n\n<p>Este proyecto ha sido financiado con el apoyo de la Comisi\\u00f3n Europea. Este portal refleja \\u00fanicamente las opiniones de los desarrolladores, y la Comisi\\u00f3n no se hace responsable del uso que pueda hacerse de la informaci\\u00f3n contenida en \\u00e9l.<\\\/p>\"}},{\"type\":\"text\",\"props\":{\"margin\":\"default\",\"column_breakpoint\":\"m\",\"content\":\"\n\n<h5>N\\u00famero de proyecto:\\u00a02020-1-FR01-KA204-080543<\\\/h5>\"}},{\"type\":\"image\",\"props\":{\"margin\":\"default\",\"image_svg_color\":\"emphasis\",\"image\":\"wp-content\\\/uploads\\\/2021\\\/11\\\/E-logo-left-white-trimmed.png\",\"maxwidth\":\"large\"}}]},{\"name\":\"\",\"type\":\"column\",\"props\":{\"image_position\":\"center-center\",\"media_overlay_gradient\":\"\",\"position_sticky_breakpoint\":\"m\",\"width_medium\":\"1-3\"},\"children\":[{\"type\":\"image\",\"props\":{\"margin\":\"default\",\"image_svg_color\":\"emphasis\",\"image\":\"wp-content\\\/uploads\\\/2021\\\/11\\\/CHG-logo-white-horiz.png\",\"maxwidth\":\"medium\",\"text_align\":\"center\",\"image_width\":\"250\"}},{\"type\":\"text\",\"props\":{\"margin\":\"default\",\"column_breakpoint\":\"m\",\"content\":\"\n\n<p>El proyecto The Climate Heritage Game tiene como objetivo concienciar al alumnado y profesorado de secundaria de toda Europa sobre cuestiones relacionadas con el cambio clim\\u00e1tico y la protecci\\u00f3n del patrimonio cultural mediante la inclusi\\u00f3n de juegos digitales en sus planes de lecciones diarias.<\\\/p>\"}}]},{\"name\":\"\",\"type\":\"column\",\"props\":{\"image_position\":\"center-center\",\"media_overlay_gradient\":\"\",\"position_sticky_breakpoint\":\"m\",\"width_medium\":\"1-3\"},\"children\":[{\"type\":\"list\",\"props\":{\"show_image\":true,\"show_link\":true,\"list_element\":\"ul\",\"column_breakpoint\":\"m\",\"image_svg_color\":\"emphasis\",\"image_align\":\"left\",\"image_vertical_align\":false,\"list_marker\":\"\",\"list_size\":\"\",\"content_style\":\"h4\",\"icon\":\"\",\"text_align\":\"right\"},\"children\":[{\"type\":\"list_item\",\"props\":{\"content\":\"\n\n<p>Inicio<\\\/p>\",\"link\":\"https:\\\/\\\/climateheritage.eu\\\/es\"}},{\"type\":\"list_item\",\"props\":{\"content\":\"Recursos\",\"link\":\"\\\/es\\\/tools\\\/\"}},{\"type\":\"list_item\",\"props\":{\"content\":\"\n\n<p>Socios &amp; Contactos<\\\/p>\",\"link\":\"\\\/es\\\/partners\\\/\"}},{\"type\":\"list_item\",\"props\":{\"content\":\"Noticias\",\"link\":\"\\\/es\\\/news\\\/\"}}]}]}]},{\"type\":\"row\",\"props\":{\"margin_remove_top\":false,\"margin\":\"small\"},\"children\":[{\"type\":\"column\",\"props\":{\"position_sticky_breakpoint\":\"m\",\"image_position\":\"center-center\",\"media_overlay_gradient\":\"\"},\"children\":[{\"type\":\"text\",\"props\":{\"margin\":\"default\",\"column_breakpoint\":\"m\",\"content\":\"\n\n<p>\\u00a92021 climateheritage.eu - Todos los derechos reservados.<a href=\\\"https:\\\/\\\/climateheritage.eu\\\/privacy-policy\\\"> POL\\u00cdTICA DE PRIVACIDAD<\\\/a><\\\/p>\",\"text_align\":\"center\",\"margin_remove_top\":true}},{\"type\":\"social\",\"props\":{\"link_style\":\"button\",\"grid\":\"horizontal\",\"grid_gap\":\"small\",\"margin\":\"small\",\"text_align\":\"center\"},\"children\":[{\"type\":\"social_item\",\"props\":{\"link\":\"https:\\\/\\\/www.facebook.com\\\/Climate-Heritage-103847071992624\",\"icon\":\"facebook\"}}]}]}]}],\"modified\":\"2023-05-15T08:55:20.205Z\"}],\"version\":\"2.7.0\"} --><\/p>\n","protected":false},"excerpt":{"rendered":"<p>Materiales de Climate Heritage El juego Climate Heritagey la Gu\u00eda de Aprendizaje El juego Climate Heritage El juego Climate Heritage Un juego educativo para estudiantes de secundaria de 13 a 18 a\u00f1os. Ayuda a los estudiantes a descubrir su patrimonio cultural local y c\u00f3mo \u00e9ste se ve afectado por el cambio clim\u00e1tico. Invol\u00facralos a trav\u00e9s [&hellip;]<\/p>\n","protected":false},"author":1,"featured_media":0,"parent":0,"menu_order":2,"comment_status":"open","ping_status":"open","template":"","meta":[],"acf":[],"_links":{"self":[{"href":"https:\/\/climateheritage.eu\/es\/wp-json\/wp\/v2\/pages\/2526"}],"collection":[{"href":"https:\/\/climateheritage.eu\/es\/wp-json\/wp\/v2\/pages"}],"about":[{"href":"https:\/\/climateheritage.eu\/es\/wp-json\/wp\/v2\/types\/page"}],"author":[{"embeddable":true,"href":"https:\/\/climateheritage.eu\/es\/wp-json\/wp\/v2\/users\/1"}],"replies":[{"embeddable":true,"href":"https:\/\/climateheritage.eu\/es\/wp-json\/wp\/v2\/comments?post=2526"}],"version-history":[{"count":22,"href":"https:\/\/climateheritage.eu\/es\/wp-json\/wp\/v2\/pages\/2526\/revisions"}],"predecessor-version":[{"id":3020,"href":"https:\/\/climateheritage.eu\/es\/wp-json\/wp\/v2\/pages\/2526\/revisions\/3020"}],"wp:attachment":[{"href":"https:\/\/climateheritage.eu\/es\/wp-json\/wp\/v2\/media?parent=2526"}],"curies":[{"name":"wp","href":"https:\/\/api.w.org\/{rel}","templated":true}]}}