{"id":2522,"date":"2019-09-10T13:03:23","date_gmt":"2019-09-10T13:03:23","guid":{"rendered":"https:\/\/climateheritage.eu\/tools\/"},"modified":"2023-07-04T12:01:16","modified_gmt":"2023-07-04T09:01:16","slug":"tools","status":"publish","type":"page","link":"https:\/\/climateheritage.eu\/fr\/tools\/","title":{"rendered":"Outils"},"content":{"rendered":"<div>Outils Climate Heritage<\/div>\n<h1>Le jeu Climate Heritage Game <br \/>et les Guides d&rsquo;Apprentissage<\/h1>\n<div><span style=\"background-color: #fff;\">Climate Heritage Game <span><\/span><\/span><\/div>\n<h2>Climate Heritage Game<\/h2>\n<div>\n<h4><strong>Un jeu \u00e9ducatif pour les \u00e9l\u00e8ves du secondaire \u00e2g\u00e9s de 13 \u00e0 18 ans.<\/strong><\/p>\n<p>Aidez les \u00e9l\u00e8ves \u00e0 d\u00e9couvrir leur patrimoine culturel local et la mani\u00e8re dont il est affect\u00e9 par le changement climatique et faites-les participer au jeu gratuit \u00ab\u00a0Climate Heritage\u00a0\u00bb.<\/h4>\n<p>Apprenez-en davantage sur votre patrimoine local gr\u00e2ce \u00e0 de courtes vid\u00e9os et \u00e0 des questions int\u00e9ressantes et amusantes!<\/p>\n<p>Et testez vos connaissances acquises dans des quiz stimulants.<\/p>\n<p><strong>D\u00e9veloppez le jeu!<\/strong><\/p>\n<p>Voulez-vous que les monuments de votre r\u00e9gion soient mis en vedette ? Cr\u00e9ez le contenu et partagez les merveilles de votre r\u00e9gion ; et contribuez \u00e0 la sauvegarde des monuments en p\u00e9ril en sensibilisant le public.<\/p>\n<\/div>\n<p>\n    <a href=\"https:\/\/learninglibrary.eu\/login\/index.php?lang=fr\">Que le jeu commence!<\/a>\n<\/p>\n<div><span style=\"background-color: #fff\">Formation pour les enseignants et les formateurs <\/span><\/div>\n<h2>Formation pour les enseignants et les formateurs<\/h2>\n<div>\n<p>Am\u00e9liorez vos comp\u00e9tences num\u00e9riques et apprenez \u00e0 cr\u00e9er des jeux en ligne simples pour enrichir vos m\u00e9thodes d&rsquo;enseignement. Dans ce guide, vous apprendrez:<\/p>\n<ul>\n<li>La cr\u00e9ation de jeux num\u00e9riques<\/li>\n<li>La cr\u00e9ation de contenu num\u00e9rique<\/li>\n<li>La s\u00e9curit\u00e9<\/li>\n<li>La r\u00e9solution de probl\u00e8mes<\/li>\n<\/ul>\n<p><strong>Apprenez<\/strong> \u00e0 votre rythme gr\u00e2ce \u00e0 des ressources sp\u00e9cifiques, des exemples concrets et des exercices pratiques.<\/p>\n<p><strong>\u00c9valuez vos connaissances<\/strong> \u00e0 l&rsquo;aide de quiz et de tests.<\/p>\n<p>T\u00e9l\u00e9chargez le guide et commencez \u00e0 am\u00e9liorer vos comp\u00e9tences num\u00e9riques pour rendre vos cours amusants, attrayants et m\u00e9morables<\/p>\n<\/div>\n<p>\n    <a href=\"\/wp-content\/uploads\/2023\/06\/IO1.-CLIMATE-HERITAGE-_Handbook_Final-FR.pdf\">T\u00e9l\u00e9charger ici!<\/a>\n<\/p>\n<p>\n    <a href=\"\/wp-content\/uploads\/2023\/07\/IO2-HeritageGame-Lesson-plans-fr.pdf\">Plans de cours<\/a>\n<\/p>\n<p><img src=\"\/wp-content\/uploads\/2021\/11\/Mountain-B.svg\" alt=\"\"><\/p>\n<div>\n<p>Ce projet a \u00e9t\u00e9 financ\u00e9 avec le soutien de la Commission europ\u00e9enne.<br \/>Cette publication (communication) n&rsquo;engage que son auteur et la Commission n&rsquo;est pas responsable de l&rsquo;usage qui pourrait \u00eatre fait des informations qui y sont contenues<\/p>\n<\/div>\n<div>\n<h5>Num\u00e9ro de projet: 2020-1-FR01-KA204-080543<\/h5>\n<\/div>\n<p><img src=\"\/wp-content\/uploads\/2021\/11\/E-logo-left-white-trimmed.png\" alt=\"\"><br \/>\n<img src=\"\/wp-content\/uploads\/2021\/11\/CHG-logo-white-horiz.png\" alt=\"\"><\/p>\n<div>\n<p>Le projet Climate Heritage Game vise \u00e0 sensibiliser les enseignants et les \u00e9l\u00e8ves du secondaire de toute l&rsquo;Europe aux questions li\u00e9es au changement climatique et \u00e0 la protection du patrimoine culturel en int\u00e9grant des jeux num\u00e9riques dans leurs plans de cours quotidiens.<\/p>\n<\/div>\n<ul>\n<li>\n<p><a href=\"https:\/\/climateheritage.eu\/\"><\/p>\n<p>Accueil<\/p>\n<p><\/a><\/p>\n<\/li>\n<li>\n<p><a href=\"\/tools\/\"><\/p>\n<p>Outils<\/p>\n<p><\/a><\/p>\n<\/li>\n<li>\n<p><a href=\"\/partners\/\"><\/p>\n<p>Partenaires et contact<\/p>\n<p><\/a><\/p>\n<\/li>\n<li>\n<p><a href=\"\/news\/\"><\/p>\n<p>Actualit\u00e9s<\/p>\n<p><\/a><\/p>\n<\/li>\n<\/ul>\n<div>\n<p>\u00a92021 climateheritage.eu &#8211; Tous droits r\u00e9serv\u00e9s. <a href=\"https:\/\/climateheritage.eu\/privacy-policy\">POLITIQUE DE CONFIDENTIALIT\u00c9<\/a><\/p>\n<\/div>\n<ul>\n<li><a href=\"https:\/\/www.facebook.com\/Climate-Heritage-103847071992624\">facebook<\/a>\n<\/li>\n<\/ul>\n<p><!--more--><br \/>\n<!-- {\"type\":\"layout\",\"children\":[{\"type\":\"section\",\"props\":{\"style\":\"default\",\"width\":\"large\",\"vertical_align\":\"middle\",\"title_position\":\"center-right\",\"title_rotation\":\"left\",\"title_breakpoint\":\"xl\",\"image_position\":\"top-center\",\"text_color\":\"light\",\"height\":\"full\",\"padding\":\"none\",\"header_transparent\":\"light\",\"image\":\"wp-content\\\/uploads\\\/2021\\\/11\\\/project-tools-hero-scaled.jpg\",\"header_transparent_noplaceholder\":true,\"title\":\"\",\"image_size\":\"cover\",\"image_effect\":\"parallax\",\"padding_remove_bottom\":false,\"image_parallax_bgy_start\":\"-5vw\",\"image_parallax_bgy_end\":\"4vw\",\"image_parallax_breakpoint\":\"s\",\"media_background\":\"#AEAEAE\",\"media_blend_mode\":\"multiply\",\"animation\":\"fade\"},\"children\":[{\"type\":\"row\",\"children\":[{\"type\":\"column\",\"props\":{\"image_position\":\"center-center\",\"media_overlay_gradient\":\"\",\"width_medium\":\"1-1\",\"position_sticky_breakpoint\":\"m\",\"image\":\"\",\"vertical_align\":\"middle\",\"image_size\":\"height-1-1\",\"media_blend_mode\":\"overlay\"},\"children\":[{\"type\":\"headline\",\"props\":{\"title_element\":\"div\",\"title_style\":\"h3\",\"margin\":\"small\",\"text_align\":\"center\",\"content\":\"Outils Climate Heritage\",\"title_font_family\":\"tertiary\"}},{\"type\":\"headline\",\"props\":{\"title_element\":\"h1\",\"title_style\":\"heading-medium\",\"maxwidth_breakpoint\":\"m\",\"block_align\":\"center\",\"text_align\":\"center\",\"content\":\"Le jeu Climate Heritage Game <br \\\/>et les Guides d'Apprentissage\",\"margin_remove_top\":true}}]}]}],\"name\":\"Hero\"},{\"type\":\"section\",\"props\":{\"style\":\"default\",\"width\":\"\",\"vertical_align\":\"\",\"title_position\":\"top-left\",\"title_rotation\":\"left\",\"title_breakpoint\":\"xl\",\"image_position\":\"center-center\",\"width_expand\":\"left\",\"height\":\"full\",\"padding\":\"large\",\"padding_remove_top\":true,\"padding_remove_bottom\":false},\"children\":[{\"type\":\"row\",\"props\":{\"layout\":\"1-2,1-2\",\"width_expand\":\"left\",\"match\":false,\"class\":\"\",\"id\":\"beginners\",\"column_gap\":\"collapse\",\"row_gap\":\"collapse\",\"padding_remove_horizontal\":true,\"width\":\"large\",\"margin\":\"remove-vertical\"},\"children\":[{\"type\":\"column\",\"props\":{\"image_position\":\"center-center\",\"media_overlay_gradient\":\"\",\"image\":\"wp-content\\\/uploads\\\/2021\\\/11\\\/SMichel-bg-scaled.jpg\",\"image_size\":\"cover\",\"css\":\".el-column { min-height: 350px; }\",\"width_medium\":\"1-2\",\"position_sticky_breakpoint\":\"m\",\"vertical_align\":\"middle\",\"padding\":\"small\"},\"children\":[{\"type\":\"headline\",\"props\":{\"title_element\":\"div\",\"content\":\"<span style=\\\"background-color: #fff;\\\">Climate Heritage Game <span><\\\/span><\\\/span>\",\"title_style\":\"heading-small\",\"text_align\":\"center\"}}]},{\"type\":\"column\",\"props\":{\"image_position\":\"center-center\",\"media_overlay_gradient\":\"\",\"vertical_align\":\"middle\",\"style\":\"default\",\"width_medium\":\"1-2\",\"position_sticky_breakpoint\":\"m\",\"image\":\"wp-content\\\/uploads\\\/yootheme\\\/circle-bg-02.svg\",\"image_width\":\"600\",\"image_height\":\"600\"},\"children\":[{\"type\":\"headline\",\"props\":{\"title_element\":\"h2\",\"margin\":\"medium\",\"maxwidth\":\"large\",\"block_align\":\"center\",\"animation\":\"none\",\"content\":\"Climate Heritage Game\"}},{\"type\":\"text\",\"props\":{\"margin\":\"default\",\"column_breakpoint\":\"m\",\"content\":\"\n\n<h4><strong>Un jeu \\u00e9ducatif pour les \\u00e9l\\u00e8ves du secondaire \\u00e2g\\u00e9s de 13 \\u00e0 18 ans.<\\\/strong><br \\\/><br \\\/>Aidez les \\u00e9l\\u00e8ves \\u00e0 d\\u00e9couvrir leur patrimoine culturel local et la mani\\u00e8re dont il est affect\\u00e9 par le changement climatique et faites-les participer au jeu gratuit \\\"Climate Heritage\\\".<\\\/h4>\\n\n\n<p>Apprenez-en davantage sur votre patrimoine local gr\\u00e2ce \\u00e0 de courtes vid\\u00e9os et \\u00e0 des questions int\\u00e9ressantes et amusantes!<\\\/p>\\n\n\n<p>Et testez vos connaissances acquises dans des quiz stimulants.<\\\/p>\\n\n\n<p><strong>D\\u00e9veloppez le jeu!<\\\/strong><\\\/p>\\n\n\n<p>Voulez-vous que les monuments de votre r\\u00e9gion soient mis en vedette ? Cr\\u00e9ez le contenu et partagez les merveilles de votre r\\u00e9gion ; et contribuez \\u00e0 la sauvegarde des monuments en p\\u00e9ril en sensibilisant le public.<\\\/p>\",\"text_color\":\"emphasis\"}},{\"type\":\"button\",\"props\":{\"grid_column_gap\":\"small\",\"grid_row_gap\":\"small\",\"margin\":\"large\",\"button_size\":\"large\",\"text_align\":\"center\",\"status\":\"\"},\"children\":[{\"type\":\"button_item\",\"props\":{\"button_style\":\"primary\",\"icon_align\":\"left\",\"content\":\"Que le jeu commence!\",\"link\":\"https:\\\/\\\/learninglibrary.eu\\\/login\\\/index.php?lang=fr\",\"link_target\":\"blank\"}}]}]}]},{\"type\":\"row\",\"props\":{\"layout\":\"1-2,1-2\",\"width_expand\":\"right\",\"margin\":\"remove-vertical\",\"match\":false,\"id\":\"advanced\",\"column_gap\":\"collapse\",\"row_gap\":\"collapse\",\"padding_remove_horizontal\":true,\"width\":\"large\"},\"children\":[{\"type\":\"column\",\"props\":{\"image_position\":\"center-center\",\"media_overlay_gradient\":\"\",\"image\":\"wp-content\\\/uploads\\\/2021\\\/11\\\/tBelem-bg-scaled.jpg\",\"image_size\":\"cover\",\"css\":\".el-column { min-height: 350px; }\",\"width_medium\":\"1-2\",\"position_sticky_breakpoint\":\"m\",\"vertical_align\":\"middle\",\"padding\":\"small\"},\"children\":[{\"type\":\"headline\",\"props\":{\"title_element\":\"div\",\"content\":\"<span style=\\\"background-color: #fff\\\">Formation pour les enseignants et les formateurs <\\\/span>\",\"title_style\":\"heading-small\",\"text_align\":\"center\"}}]},{\"type\":\"column\",\"props\":{\"image_position\":\"center-center\",\"media_overlay_gradient\":\"\",\"vertical_align\":\"middle\",\"style\":\"default\",\"width_medium\":\"1-2\",\"order_first\":\"m\",\"position_sticky_breakpoint\":\"m\",\"image\":\"wp-content\\\/uploads\\\/yootheme\\\/circle-bg-02.svg\",\"image_width\":\"600\",\"image_height\":\"600\"},\"children\":[{\"type\":\"headline\",\"props\":{\"title_element\":\"h2\",\"margin\":\"medium\",\"maxwidth\":\"large\",\"block_align\":\"center\",\"content\":\"Formation pour les enseignants et les formateurs\",\"margin_remove_top\":true}},{\"type\":\"text\",\"props\":{\"margin\":\"default\",\"column_breakpoint\":\"m\",\"content\":\"\n\n<p>Am\\u00e9liorez vos comp\\u00e9tences num\\u00e9riques et apprenez \\u00e0 cr\\u00e9er des jeux en ligne simples pour enrichir vos m\\u00e9thodes d'enseignement. Dans ce guide, vous apprendrez:<\\\/p>\\n\n\n<ul>\\n\n\n<li>La cr\\u00e9ation de jeux num\\u00e9riques<\\\/li>\\n\n\n<li>La cr\\u00e9ation de contenu num\\u00e9rique<\\\/li>\\n\n\n<li>La s\\u00e9curit\\u00e9<\\\/li>\\n\n\n<li>La r\\u00e9solution de probl\\u00e8mes<\\\/li>\\n<\\\/ul>\\n\n\n<p><strong>Apprenez<\\\/strong> \\u00e0 votre rythme gr\\u00e2ce \\u00e0 des ressources sp\\u00e9cifiques, des exemples concrets et des exercices pratiques.<\\\/p>\\n\n\n<p><strong>\\u00c9valuez vos connaissances<\\\/strong> \\u00e0 l'aide de quiz et de tests.<\\\/p>\\n\n\n<p>T\\u00e9l\\u00e9chargez le guide et commencez \\u00e0 am\\u00e9liorer vos comp\\u00e9tences num\\u00e9riques pour rendre vos cours amusants, attrayants et m\\u00e9morables<\\\/p>\",\"text_color\":\"emphasis\"}},{\"type\":\"button\",\"props\":{\"grid_column_gap\":\"small\",\"grid_row_gap\":\"small\",\"margin\":\"large\",\"button_size\":\"large\",\"text_align\":\"center\",\"status\":\"\"},\"children\":[{\"type\":\"button_item\",\"props\":{\"button_style\":\"primary\",\"icon_align\":\"left\",\"content\":\"T\\u00e9l\\u00e9charger ici!\",\"link\":\"wp-content\\\/uploads\\\/2023\\\/06\\\/IO1.-CLIMATE-HERITAGE-_Handbook_Final-FR.pdf\",\"link_target\":\"blank\"}}]},{\"type\":\"button\",\"props\":{\"grid_column_gap\":\"small\",\"grid_row_gap\":\"small\",\"margin\":\"large\",\"button_size\":\"large\",\"text_align\":\"center\",\"status\":\"\"},\"children\":[{\"type\":\"button_item\",\"props\":{\"button_style\":\"primary\",\"icon_align\":\"left\",\"content\":\"Plans de cours\",\"link\":\"wp-content\\\/uploads\\\/2023\\\/07\\\/IO2-HeritageGame-Lesson-plans-fr.pdf\",\"link_target\":\"blank\"}}]}]}]}],\"name\":\"Lessons\"},{\"type\":\"section\",\"props\":{\"style\":\"default\",\"width\":\"\",\"vertical_align\":\"middle\",\"title_position\":\"top-left\",\"title_rotation\":\"left\",\"title_breakpoint\":\"xl\",\"image_position\":\"center-center\",\"padding\":\"none\"},\"children\":[{\"type\":\"row\",\"children\":[{\"type\":\"column\",\"props\":{\"position_sticky_breakpoint\":\"m\",\"image_position\":\"center-center\",\"media_overlay_gradient\":\"\"},\"children\":[{\"type\":\"image\",\"props\":{\"margin\":\"default\",\"image_svg_color\":\"emphasis\",\"image\":\"wp-content\\\/uploads\\\/2021\\\/11\\\/Mountain-B.svg\"}}]}]}],\"name\":\"Decor\"},{\"name\":\"ft_fr\",\"type\":\"section\",\"props\":{\"width\":\"large\",\"style\":\"secondary\",\"image_size\":\"width-1-1\",\"class\":\"tm-footer\",\"vertical_align\":\"middle\",\"title_position\":\"top-left\",\"title_rotation\":\"left\",\"title_breakpoint\":\"xl\",\"image_position\":\"top-center\",\"padding_remove_top\":false,\"padding_remove_bottom\":true,\"image\":\"wp-content\\\/uploads\\\/2021\\\/11\\\/Green-circle.svg\"},\"children\":[{\"name\":\"\",\"type\":\"row\",\"props\":{\"layout\":\"1-3,1-3,1-3\",\"vertical_align\":true,\"column_gap\":\"large\",\"row_gap\":\"large\"},\"children\":[{\"name\":\"\",\"type\":\"column\",\"props\":{\"image_position\":\"center-center\",\"media_overlay_gradient\":\"\",\"position_sticky_breakpoint\":\"m\",\"width_medium\":\"1-3\"},\"children\":[{\"type\":\"text\",\"props\":{\"margin\":\"default\",\"column_breakpoint\":\"m\",\"content\":\"\n\n<p>Ce projet a \\u00e9t\\u00e9 financ\\u00e9 avec le soutien de la Commission europ\\u00e9enne.<br \\\/>Cette publication (communication) n'engage que son auteur et la Commission n'est pas responsable de l'usage qui pourrait \\u00eatre fait des informations qui y sont contenues<\\\/p>\"}},{\"type\":\"text\",\"props\":{\"margin\":\"default\",\"column_breakpoint\":\"m\",\"content\":\"\n\n<h5>Num\\u00e9ro de projet: 2020-1-FR01-KA204-080543<\\\/h5>\"}},{\"type\":\"image\",\"props\":{\"margin\":\"default\",\"image_svg_color\":\"emphasis\",\"image\":\"wp-content\\\/uploads\\\/2021\\\/11\\\/E-logo-left-white-trimmed.png\",\"maxwidth\":\"large\"}}]},{\"name\":\"\",\"type\":\"column\",\"props\":{\"image_position\":\"center-center\",\"media_overlay_gradient\":\"\",\"position_sticky_breakpoint\":\"m\",\"width_medium\":\"1-3\"},\"children\":[{\"type\":\"image\",\"props\":{\"margin\":\"default\",\"image_svg_color\":\"emphasis\",\"image\":\"wp-content\\\/uploads\\\/2021\\\/11\\\/CHG-logo-white-horiz.png\",\"maxwidth\":\"medium\",\"text_align\":\"center\",\"image_width\":\"250\"}},{\"type\":\"text\",\"props\":{\"margin\":\"default\",\"column_breakpoint\":\"m\",\"content\":\"\n\n<p>Le projet Climate Heritage Game vise \\u00e0 sensibiliser les enseignants et les \\u00e9l\\u00e8ves du secondaire de toute l'Europe aux questions li\\u00e9es au changement climatique et \\u00e0 la protection du patrimoine culturel en int\\u00e9grant des jeux num\\u00e9riques dans leurs plans de cours quotidiens.<\\\/p>\"}}]},{\"name\":\"\",\"type\":\"column\",\"props\":{\"image_position\":\"center-center\",\"media_overlay_gradient\":\"\",\"position_sticky_breakpoint\":\"m\",\"width_medium\":\"1-3\"},\"children\":[{\"type\":\"list\",\"props\":{\"show_image\":true,\"show_link\":true,\"list_element\":\"ul\",\"column_breakpoint\":\"m\",\"image_svg_color\":\"emphasis\",\"image_align\":\"left\",\"image_vertical_align\":false,\"list_marker\":\"\",\"list_size\":\"\",\"content_style\":\"h4\",\"icon\":\"\",\"text_align\":\"right\"},\"children\":[{\"type\":\"list_item\",\"props\":{\"content\":\"\n\n<p>Accueil<\\\/p>\",\"link\":\"https:\\\/\\\/climateheritage.eu\\\/\"}},{\"type\":\"list_item\",\"props\":{\"content\":\"\n\n<p>Outils<\\\/p>\",\"link\":\"tools\\\/\"}},{\"type\":\"list_item\",\"props\":{\"content\":\"\n\n<p>Partenaires et contact<\\\/p>\",\"link\":\"partners\\\/\"}},{\"type\":\"list_item\",\"props\":{\"content\":\"\n\n<p>Actualit\\u00e9s<\\\/p>\",\"link\":\"news\\\/\"}}]}]}]},{\"type\":\"row\",\"props\":{\"margin_remove_top\":false,\"margin\":\"small\"},\"children\":[{\"type\":\"column\",\"props\":{\"position_sticky_breakpoint\":\"m\",\"image_position\":\"center-center\",\"media_overlay_gradient\":\"\"},\"children\":[{\"type\":\"text\",\"props\":{\"margin\":\"default\",\"column_breakpoint\":\"m\",\"content\":\"\n\n<p>\\u00a92021 climateheritage.eu - Tous droits r\\u00e9serv\\u00e9s. <a href=\\\"https:\\\/\\\/climateheritage.eu\\\/privacy-policy\\\">POLITIQUE DE CONFIDENTIALIT\\u00c9<\\\/a><\\\/p>\",\"text_align\":\"center\",\"margin_remove_top\":true}},{\"type\":\"social\",\"props\":{\"link_style\":\"button\",\"grid\":\"horizontal\",\"grid_gap\":\"small\",\"margin\":\"small\",\"text_align\":\"center\"},\"children\":[{\"type\":\"social_item\",\"props\":{\"link\":\"https:\\\/\\\/www.facebook.com\\\/Climate-Heritage-103847071992624\",\"icon\":\"facebook\"}}]}]}]}],\"modified\":\"2023-05-15T08:09:09.150Z\"}],\"version\":\"2.7.0\"} --><\/p>\n","protected":false},"excerpt":{"rendered":"<p>Outils Climate Heritage Le jeu Climate Heritage Game et les Guides d&rsquo;Apprentissage Climate Heritage Game Climate Heritage Game Un jeu \u00e9ducatif pour les \u00e9l\u00e8ves du secondaire \u00e2g\u00e9s de 13 \u00e0 18 ans. Aidez les \u00e9l\u00e8ves \u00e0 d\u00e9couvrir leur patrimoine culturel local et la mani\u00e8re dont il est affect\u00e9 par le changement climatique et faites-les participer [&hellip;]<\/p>\n","protected":false},"author":1,"featured_media":0,"parent":0,"menu_order":2,"comment_status":"open","ping_status":"open","template":"","meta":[],"acf":[],"_links":{"self":[{"href":"https:\/\/climateheritage.eu\/fr\/wp-json\/wp\/v2\/pages\/2522"}],"collection":[{"href":"https:\/\/climateheritage.eu\/fr\/wp-json\/wp\/v2\/pages"}],"about":[{"href":"https:\/\/climateheritage.eu\/fr\/wp-json\/wp\/v2\/types\/page"}],"author":[{"embeddable":true,"href":"https:\/\/climateheritage.eu\/fr\/wp-json\/wp\/v2\/users\/1"}],"replies":[{"embeddable":true,"href":"https:\/\/climateheritage.eu\/fr\/wp-json\/wp\/v2\/comments?post=2522"}],"version-history":[{"count":25,"href":"https:\/\/climateheritage.eu\/fr\/wp-json\/wp\/v2\/pages\/2522\/revisions"}],"predecessor-version":[{"id":3015,"href":"https:\/\/climateheritage.eu\/fr\/wp-json\/wp\/v2\/pages\/2522\/revisions\/3015"}],"wp:attachment":[{"href":"https:\/\/climateheritage.eu\/fr\/wp-json\/wp\/v2\/media?parent=2522"}],"curies":[{"name":"wp","href":"https:\/\/api.w.org\/{rel}","templated":true}]}}