{"id":2525,"date":"2019-09-10T13:03:23","date_gmt":"2019-09-10T13:03:23","guid":{"rendered":"https:\/\/climateheritage.eu\/tools\/"},"modified":"2023-07-04T12:20:47","modified_gmt":"2023-07-04T09:20:47","slug":"tools","status":"publish","type":"page","link":"https:\/\/climateheritage.eu\/ro\/tools\/","title":{"rendered":"Unelte"},"content":{"rendered":"<div>Materiale pentru patrimoniul climatic<\/div>\n<h1>Jocul Patrimoniul Climatic<br \/>\u0219i Ghidul de \u00eenv\u0103\u021bare<\/h1>\n<div><span style=\"background-color: #fff\">Jocul Patrimoniul Climatic<\/span><\/div>\n<h2>Jocul Patrimoniul Climatic<\/h2>\n<div>\n<p><strong>Un joc educativ pentru liceenii de la 13 la 18 ani.<\/strong><\/p>\n<p>Ajuta\u021bi elevii s\u0103-\u0219i descopere mo\u0219tenirea cultural\u0103 local\u0103 \u0219i modul \u00een care este afectat\u0103 de schimb\u0103rile climatice. Implica\u021bi-i prin jocul gratuit Climate Heritage.<\/p>\n<p><strong>Afla\u021bi<\/strong> despre mo\u0219tenirea dvs. local\u0103 prin videoclipuri \u0219i \u00eentreb\u0103ri interesante \u0219i distractive!<\/p>\n<p><strong>\u0218i testeaz\u0103-\u021bi<\/strong> cuno\u0219tin\u021bele dob\u00e2ndite prin provoc\u0103ri provocatoare.<\/p>\n<p><strong>Extinde jocul!<\/strong><br \/>Dori\u021bi s\u0103 apar\u0103 reperele dvs. locale? Crea\u021bi con\u021binut \u0219i \u00eemp\u0103rt\u0103\u0219i\u021bi minunile regiunii dvs.; \u0219i contribuie la protejarea monumentelor pe cale de dispari\u021bie prin sensibilizare \u0219i con\u0219tientizare.<\/p>\n<\/div>\n<p>\n    <a href=\"https:\/\/learninglibrary.eu\/login\/index.php?lang=ro\">Sa inceapa jocul!<\/a>\n<\/p>\n<div>Curs de formare pentru profesori \u0219i formatori<\/div>\n<h2>Curs de formare pentru profesori \u0219i formatori<\/h2>\n<div>\n<p>\u00cembun\u0103t\u0103\u021bi\u021bi-v\u0103 abilit\u0103\u021bile digitale \u0219i \u00eenv\u0103\u021ba\u021bi cum s\u0103 crea\u021bi jocuri online simple pentru a v\u0103 \u00eembog\u0103\u021bi metodele de predare. \u00cen acest ghid ve\u021bi afla despre:<\/p>\n<ul>\n<li>Crearea de jocuri digitale<\/li>\n<li>Crearea con\u021binutului digital<\/li>\n<li>Siguran\u021b\u0103<\/li>\n<li>Rezolvarea problemelor<\/li>\n<\/ul>\n<p>\u00cenv\u0103\u021ba\u021bi \u00een ritmul vostru cu resurse specifice, exemple \u0219i exerci\u021bii practice.<\/p>\n<p><strong>Autoevalua\u021bi-v\u0103<\/strong> cuno\u0219tin\u021bele cu chestionare \u0219i teste.<\/p>\n<p>Desc\u0103rca\u021bi ghidul \u0219i \u00eencepe\u021bi s\u0103 v\u0103 \u00eembun\u0103t\u0103\u021bi\u021bi abilit\u0103\u021bile digitale pentru a face lec\u021biile distractive, captivante \u0219i memorabile.<\/p>\n<\/div>\n<p>\n    <a href=\"\/wp-content\/uploads\/2023\/06\/IO1.-CLIMATE-HERITAGE-_Handbook_Final-ro.pdf\">Descarc\u0103 aici!<\/a>\n<\/p>\n<p>\n    <a href=\"\/wp-content\/uploads\/2023\/07\/IO2-HeritageGame-Lesson-plans-ro.docx.pdf\">Planuri de lec\u021bii<\/a>\n<\/p>\n<p><img src=\"\/wp-content\/uploads\/2021\/11\/Mountain-B.svg\" alt=\"\"><\/p>\n<div>\n<p>Acest proiect a fost finan\u021bat cu sprijinul Comisiei Europene. Acest portal reflect\u0103 doar opiniile dezvoltatorilor, iar Comisia nu poate fi f\u0103cut\u0103 responsabil\u0103 pentru nicio utilizare a informa\u021biilor con\u021binute \u00een acesta.<\/p>\n<\/div>\n<div>\n<h5>Num\u0103r proiect: 2020-1-FR01-KA204-080543<\/h5>\n<\/div>\n<p><img src=\"\/wp-content\/uploads\/2021\/11\/E-logo-left-white-trimmed.png\" alt=\"\"><br \/>\n<img src=\"\/wp-content\/uploads\/2021\/11\/CHG-logo-white-horiz.png\" alt=\"\"><\/p>\n<div>\n<p>Proiectul Climate Heritage Game \u00ee\u0219i propune s\u0103 sensibilizeze profesorii de liceu \u0219i elevii din \u00eentreaga Europ\u0103 cu privire la problemele legate de schimb\u0103rile climatice \u0219i protec\u021bia patrimoniului cultural prin includerea jocurilor digitale \u00een planurile de lec\u021bii.<\/p>\n<\/div>\n<ul>\n<li>\n<p><a href=\"https:\/\/climateheritage.eu\/\"><\/p>\n<p>Acas\u0103<\/p>\n<p><\/a><\/p>\n<\/li>\n<li>\n<p><a href=\"\/tools\/\"><\/p>\n<p>Instrumente<\/p>\n<p><\/a><\/p>\n<\/li>\n<li>\n<p><a href=\"\/partners\/\"><\/p>\n<p>Parteneri &amp; Contact<\/p>\n<p><\/a><\/p>\n<\/li>\n<li>\n<p><a href=\"\/news\/\"><\/p>\n<p>\u0218tiri<\/p>\n<p><\/a><\/p>\n<\/li>\n<\/ul>\n<div>\n<p>\u00a92021 climateheritage.eu &#8211; Toate drepturile rezervate. <a href=\"https:\/\/climateheritage.eu\/privacy-policy\"><span>POLITICA DE CONFIDEN\u021aIALITATE<\/span><\/a><\/p>\n<\/div>\n<ul>\n<li><a href=\"https:\/\/www.facebook.com\/Climate-Heritage-103847071992624\">facebook<\/a>\n<\/li>\n<\/ul>\n<p><!--more--><br \/>\n<!-- {\"type\":\"layout\",\"children\":[{\"type\":\"section\",\"props\":{\"style\":\"default\",\"width\":\"large\",\"vertical_align\":\"middle\",\"title_position\":\"center-right\",\"title_rotation\":\"left\",\"title_breakpoint\":\"xl\",\"image_position\":\"top-center\",\"text_color\":\"light\",\"height\":\"full\",\"padding\":\"none\",\"header_transparent\":\"light\",\"image\":\"wp-content\\\/uploads\\\/2021\\\/11\\\/project-tools-hero-scaled.jpg\",\"header_transparent_noplaceholder\":true,\"title\":\"\",\"image_size\":\"cover\",\"image_effect\":\"parallax\",\"padding_remove_bottom\":false,\"image_parallax_bgy_start\":\"-5vw\",\"image_parallax_bgy_end\":\"4vw\",\"image_parallax_breakpoint\":\"s\",\"media_background\":\"#AEAEAE\",\"media_blend_mode\":\"multiply\",\"animation\":\"fade\"},\"children\":[{\"type\":\"row\",\"children\":[{\"type\":\"column\",\"props\":{\"image_position\":\"center-center\",\"media_overlay_gradient\":\"\",\"width_medium\":\"1-1\",\"position_sticky_breakpoint\":\"m\",\"image\":\"\",\"vertical_align\":\"middle\",\"image_size\":\"height-1-1\",\"media_blend_mode\":\"overlay\"},\"children\":[{\"type\":\"headline\",\"props\":{\"title_element\":\"div\",\"title_style\":\"h3\",\"margin\":\"small\",\"text_align\":\"center\",\"content\":\"Materiale pentru patrimoniul climatic\",\"title_font_family\":\"tertiary\"}},{\"type\":\"headline\",\"props\":{\"title_element\":\"h1\",\"title_style\":\"heading-medium\",\"maxwidth_breakpoint\":\"m\",\"block_align\":\"center\",\"text_align\":\"center\",\"content\":\"Jocul Patrimoniul Climatic<br \\\/>\\u0219i Ghidul de \\u00eenv\\u0103\\u021bare\",\"margin_remove_top\":true}}]}]}],\"name\":\"Hero\"},{\"type\":\"section\",\"props\":{\"style\":\"default\",\"width\":\"\",\"vertical_align\":\"\",\"title_position\":\"top-left\",\"title_rotation\":\"left\",\"title_breakpoint\":\"xl\",\"image_position\":\"center-center\",\"width_expand\":\"left\",\"height\":\"full\",\"padding\":\"large\",\"padding_remove_top\":true,\"padding_remove_bottom\":false},\"children\":[{\"type\":\"row\",\"props\":{\"layout\":\"1-2,1-2\",\"width_expand\":\"left\",\"match\":false,\"class\":\"\",\"id\":\"beginners\",\"column_gap\":\"collapse\",\"row_gap\":\"collapse\",\"padding_remove_horizontal\":true,\"width\":\"large\",\"margin\":\"remove-vertical\"},\"children\":[{\"type\":\"column\",\"props\":{\"image_position\":\"center-center\",\"media_overlay_gradient\":\"\",\"image\":\"wp-content\\\/uploads\\\/2021\\\/11\\\/SMichel-bg-scaled.jpg\",\"image_size\":\"cover\",\"css\":\".el-column { min-height: 350px; }\",\"width_medium\":\"1-2\",\"position_sticky_breakpoint\":\"m\",\"vertical_align\":\"middle\",\"padding\":\"small\"},\"children\":[{\"type\":\"headline\",\"props\":{\"title_element\":\"div\",\"content\":\"<span style=\\\"background-color: #fff\\\">Jocul Patrimoniul Climatic<\\\/span>\",\"title_style\":\"heading-small\",\"text_align\":\"center\"}}]},{\"type\":\"column\",\"props\":{\"image_position\":\"center-center\",\"media_overlay_gradient\":\"\",\"vertical_align\":\"middle\",\"style\":\"default\",\"width_medium\":\"1-2\",\"position_sticky_breakpoint\":\"m\",\"image\":\"wp-content\\\/uploads\\\/yootheme\\\/circle-bg-02.svg\",\"image_width\":\"600\",\"image_height\":\"600\"},\"children\":[{\"type\":\"headline\",\"props\":{\"title_element\":\"h2\",\"margin\":\"medium\",\"maxwidth\":\"large\",\"block_align\":\"center\",\"animation\":\"none\",\"content\":\"Jocul Patrimoniul Climatic\"}},{\"type\":\"text\",\"props\":{\"margin\":\"default\",\"column_breakpoint\":\"m\",\"content\":\"\n\n<p><strong>Un joc educativ pentru liceenii de la 13 la 18 ani.<\\\/strong><\\\/p>\\n\n\n<p>Ajuta\\u021bi elevii s\\u0103-\\u0219i descopere mo\\u0219tenirea cultural\\u0103 local\\u0103 \\u0219i modul \\u00een care este afectat\\u0103 de schimb\\u0103rile climatice. Implica\\u021bi-i prin jocul gratuit Climate Heritage.<\\\/p>\\n\n\n<p><strong>Afla\\u021bi<\\\/strong> despre mo\\u0219tenirea dvs. local\\u0103 prin videoclipuri \\u0219i \\u00eentreb\\u0103ri interesante \\u0219i distractive!<\\\/p>\\n\n\n<p><strong>\\u0218i testeaz\\u0103-\\u021bi<\\\/strong> cuno\\u0219tin\\u021bele dob\\u00e2ndite prin provoc\\u0103ri provocatoare.<\\\/p>\\n\n\n<p><strong>Extinde jocul!<\\\/strong><br \\\/>Dori\\u021bi s\\u0103 apar\\u0103 reperele dvs. locale? Crea\\u021bi con\\u021binut \\u0219i \\u00eemp\\u0103rt\\u0103\\u0219i\\u021bi minunile regiunii dvs.; \\u0219i contribuie la protejarea monumentelor pe cale de dispari\\u021bie prin sensibilizare \\u0219i con\\u0219tientizare.<\\\/p>\",\"text_color\":\"emphasis\"}},{\"type\":\"button\",\"props\":{\"grid_column_gap\":\"small\",\"grid_row_gap\":\"small\",\"margin\":\"large\",\"button_size\":\"large\",\"text_align\":\"center\",\"status\":\"\"},\"children\":[{\"type\":\"button_item\",\"props\":{\"button_style\":\"primary\",\"icon_align\":\"left\",\"content\":\"Sa inceapa jocul!\",\"link\":\"https:\\\/\\\/learninglibrary.eu\\\/login\\\/index.php?lang=ro\",\"link_target\":\"blank\"}}]}]}]},{\"type\":\"row\",\"props\":{\"layout\":\"1-2,1-2\",\"width_expand\":\"right\",\"margin\":\"remove-vertical\",\"match\":false,\"id\":\"advanced\",\"column_gap\":\"collapse\",\"row_gap\":\"collapse\",\"padding_remove_horizontal\":true,\"width\":\"large\"},\"children\":[{\"type\":\"column\",\"props\":{\"image_position\":\"center-center\",\"media_overlay_gradient\":\"\",\"image\":\"wp-content\\\/uploads\\\/2021\\\/11\\\/tBelem-bg-scaled.jpg\",\"image_size\":\"cover\",\"css\":\".el-column { min-height: 350px; }\",\"width_medium\":\"1-2\",\"position_sticky_breakpoint\":\"m\",\"vertical_align\":\"middle\",\"padding\":\"small\"},\"children\":[{\"type\":\"headline\",\"props\":{\"title_element\":\"div\",\"content\":\"Curs de formare pentru profesori \\u0219i formatori\",\"title_style\":\"heading-small\",\"text_align\":\"center\"}}]},{\"type\":\"column\",\"props\":{\"image_position\":\"center-center\",\"media_overlay_gradient\":\"\",\"vertical_align\":\"middle\",\"style\":\"default\",\"width_medium\":\"1-2\",\"order_first\":\"m\",\"position_sticky_breakpoint\":\"m\",\"image\":\"wp-content\\\/uploads\\\/yootheme\\\/circle-bg-02.svg\",\"image_width\":\"600\",\"image_height\":\"600\"},\"children\":[{\"type\":\"headline\",\"props\":{\"title_element\":\"h2\",\"margin\":\"medium\",\"maxwidth\":\"large\",\"block_align\":\"center\",\"content\":\"Curs de formare pentru profesori \\u0219i formatori\",\"margin_remove_top\":true}},{\"type\":\"text\",\"props\":{\"margin\":\"default\",\"column_breakpoint\":\"m\",\"content\":\"\n\n<p>\\u00cembun\\u0103t\\u0103\\u021bi\\u021bi-v\\u0103 abilit\\u0103\\u021bile digitale \\u0219i \\u00eenv\\u0103\\u021ba\\u021bi cum s\\u0103 crea\\u021bi jocuri online simple pentru a v\\u0103 \\u00eembog\\u0103\\u021bi metodele de predare. \\u00cen acest ghid ve\\u021bi afla despre:<\\\/p>\\n\n\n<ul>\\n\n\n<li>Crearea de jocuri digitale<\\\/li>\\n\n\n<li>Crearea con\\u021binutului digital<\\\/li>\\n\n\n<li>Siguran\\u021b\\u0103<\\\/li>\\n\n\n<li>Rezolvarea problemelor<\\\/li>\\n<\\\/ul>\\n\n\n<p>\\u00cenv\\u0103\\u021ba\\u021bi \\u00een ritmul vostru cu resurse specifice, exemple \\u0219i exerci\\u021bii practice.<br \\\/><br \\\/><strong>Autoevalua\\u021bi-v\\u0103<\\\/strong> cuno\\u0219tin\\u021bele cu chestionare \\u0219i teste.<br \\\/><br \\\/>Desc\\u0103rca\\u021bi ghidul \\u0219i \\u00eencepe\\u021bi s\\u0103 v\\u0103 \\u00eembun\\u0103t\\u0103\\u021bi\\u021bi abilit\\u0103\\u021bile digitale pentru a face lec\\u021biile distractive, captivante \\u0219i memorabile.<\\\/p>\",\"text_color\":\"emphasis\"}},{\"type\":\"button\",\"props\":{\"grid_column_gap\":\"small\",\"grid_row_gap\":\"small\",\"margin\":\"large\",\"button_size\":\"large\",\"text_align\":\"center\",\"status\":\"\"},\"children\":[{\"type\":\"button_item\",\"props\":{\"button_style\":\"primary\",\"icon_align\":\"left\",\"content\":\"Descarc\\u0103 aici!\",\"link\":\"wp-content\\\/uploads\\\/2023\\\/06\\\/IO1.-CLIMATE-HERITAGE-_Handbook_Final-ro.pdf\",\"link_target\":\"blank\"}}]},{\"type\":\"button\",\"props\":{\"grid_column_gap\":\"small\",\"grid_row_gap\":\"small\",\"margin\":\"large\",\"button_size\":\"large\",\"text_align\":\"center\",\"status\":\"\"},\"children\":[{\"type\":\"button_item\",\"props\":{\"button_style\":\"primary\",\"icon_align\":\"left\",\"content\":\"Planuri de lec\\u021bii\",\"link\":\"wp-content\\\/uploads\\\/2023\\\/07\\\/IO2-HeritageGame-Lesson-plans-ro.docx.pdf\",\"link_target\":\"blank\"}}]}]}]}],\"name\":\"Lessons\"},{\"type\":\"section\",\"props\":{\"style\":\"default\",\"width\":\"\",\"vertical_align\":\"middle\",\"title_position\":\"top-left\",\"title_rotation\":\"left\",\"title_breakpoint\":\"xl\",\"image_position\":\"center-center\",\"padding\":\"none\"},\"children\":[{\"type\":\"row\",\"children\":[{\"type\":\"column\",\"props\":{\"position_sticky_breakpoint\":\"m\",\"image_position\":\"center-center\",\"media_overlay_gradient\":\"\"},\"children\":[{\"type\":\"image\",\"props\":{\"margin\":\"default\",\"image_svg_color\":\"emphasis\",\"image\":\"wp-content\\\/uploads\\\/2021\\\/11\\\/Mountain-B.svg\"}}]}]}],\"name\":\"Decor\"},{\"name\":\"ft_rm\",\"type\":\"section\",\"props\":{\"width\":\"large\",\"style\":\"secondary\",\"image_size\":\"width-1-1\",\"class\":\"tm-footer\",\"vertical_align\":\"middle\",\"title_position\":\"top-left\",\"title_rotation\":\"left\",\"title_breakpoint\":\"xl\",\"image_position\":\"top-center\",\"padding_remove_top\":false,\"padding_remove_bottom\":true,\"image\":\"wp-content\\\/uploads\\\/2021\\\/11\\\/Green-circle.svg\"},\"children\":[{\"name\":\"\",\"type\":\"row\",\"props\":{\"layout\":\"1-3,1-3,1-3\",\"vertical_align\":true,\"column_gap\":\"large\",\"row_gap\":\"large\"},\"children\":[{\"name\":\"\",\"type\":\"column\",\"props\":{\"image_position\":\"center-center\",\"media_overlay_gradient\":\"\",\"position_sticky_breakpoint\":\"m\",\"width_medium\":\"1-3\"},\"children\":[{\"type\":\"text\",\"props\":{\"margin\":\"default\",\"column_breakpoint\":\"m\",\"content\":\"\n\n<p>Acest proiect a fost finan\\u021bat cu sprijinul Comisiei Europene. Acest portal reflect\\u0103 doar opiniile dezvoltatorilor, iar Comisia nu poate fi f\\u0103cut\\u0103 responsabil\\u0103 pentru nicio utilizare a informa\\u021biilor con\\u021binute \\u00een acesta.<\\\/p>\"}},{\"type\":\"text\",\"props\":{\"margin\":\"default\",\"column_breakpoint\":\"m\",\"content\":\"\n\n<h5>Num\\u0103r proiect: 2020-1-FR01-KA204-080543<\\\/h5>\"}},{\"type\":\"image\",\"props\":{\"margin\":\"default\",\"image_svg_color\":\"emphasis\",\"image\":\"wp-content\\\/uploads\\\/2021\\\/11\\\/E-logo-left-white-trimmed.png\",\"maxwidth\":\"large\"}}]},{\"name\":\"\",\"type\":\"column\",\"props\":{\"image_position\":\"center-center\",\"media_overlay_gradient\":\"\",\"position_sticky_breakpoint\":\"m\",\"width_medium\":\"1-3\"},\"children\":[{\"type\":\"image\",\"props\":{\"margin\":\"default\",\"image_svg_color\":\"emphasis\",\"image\":\"wp-content\\\/uploads\\\/2021\\\/11\\\/CHG-logo-white-horiz.png\",\"maxwidth\":\"medium\",\"text_align\":\"center\",\"image_width\":\"250\"}},{\"type\":\"text\",\"props\":{\"margin\":\"default\",\"column_breakpoint\":\"m\",\"content\":\"\n\n<p>Proiectul Climate Heritage Game \\u00ee\\u0219i propune s\\u0103 sensibilizeze profesorii de liceu \\u0219i elevii din \\u00eentreaga Europ\\u0103 cu privire la problemele legate de schimb\\u0103rile climatice \\u0219i protec\\u021bia patrimoniului cultural prin includerea jocurilor digitale \\u00een planurile de lec\\u021bii.<\\\/p>\"}}]},{\"name\":\"\",\"type\":\"column\",\"props\":{\"image_position\":\"center-center\",\"media_overlay_gradient\":\"\",\"position_sticky_breakpoint\":\"m\",\"width_medium\":\"1-3\"},\"children\":[{\"type\":\"list\",\"props\":{\"show_image\":true,\"show_link\":true,\"list_element\":\"ul\",\"column_breakpoint\":\"m\",\"image_svg_color\":\"emphasis\",\"image_align\":\"left\",\"image_vertical_align\":false,\"list_marker\":\"\",\"list_size\":\"\",\"content_style\":\"h4\",\"icon\":\"\",\"text_align\":\"right\"},\"children\":[{\"type\":\"list_item\",\"props\":{\"content\":\"\n\n<p>Acas\\u0103<\\\/p>\",\"link\":\"https:\\\/\\\/climateheritage.eu\\\/\"}},{\"type\":\"list_item\",\"props\":{\"content\":\"\n\n<p>Instrumente<\\\/p>\",\"link\":\"tools\\\/\"}},{\"type\":\"list_item\",\"props\":{\"content\":\"\n\n<p>Parteneri &amp; Contact<\\\/p>\",\"link\":\"partners\\\/\"}},{\"type\":\"list_item\",\"props\":{\"content\":\"\n\n<p>\\u0218tiri<\\\/p>\",\"link\":\"news\\\/\"}}]}]}]},{\"type\":\"row\",\"props\":{\"margin_remove_top\":false,\"margin\":\"small\"},\"children\":[{\"type\":\"column\",\"props\":{\"position_sticky_breakpoint\":\"m\",\"image_position\":\"center-center\",\"media_overlay_gradient\":\"\"},\"children\":[{\"type\":\"text\",\"props\":{\"margin\":\"default\",\"column_breakpoint\":\"m\",\"content\":\"\n\n<p>\\u00a92021 climateheritage.eu - Toate drepturile rezervate. <a href=\\\"https:\\\/\\\/climateheritage.eu\\\/privacy-policy\\\"><span>POLITICA DE CONFIDEN\\u021aIALITATE<\\\/span><\\\/a><\\\/p>\",\"text_align\":\"center\",\"margin_remove_top\":true}},{\"type\":\"social\",\"props\":{\"link_style\":\"button\",\"grid\":\"horizontal\",\"grid_gap\":\"small\",\"margin\":\"small\",\"text_align\":\"center\"},\"children\":[{\"type\":\"social_item\",\"props\":{\"link\":\"https:\\\/\\\/www.facebook.com\\\/Climate-Heritage-103847071992624\",\"icon\":\"facebook\"}}]}]}]}],\"modified\":\"2023-05-15T09:07:18.482Z\"}],\"version\":\"2.7.0\"} --><\/p>\n","protected":false},"excerpt":{"rendered":"<p>Materiale pentru patrimoniul climatic Jocul Patrimoniul Climatic\u0219i Ghidul de \u00eenv\u0103\u021bare Jocul Patrimoniul Climatic Jocul Patrimoniul Climatic Un joc educativ pentru liceenii de la 13 la 18 ani. Ajuta\u021bi elevii s\u0103-\u0219i descopere mo\u0219tenirea cultural\u0103 local\u0103 \u0219i modul \u00een care este afectat\u0103 de schimb\u0103rile climatice. Implica\u021bi-i prin jocul gratuit Climate Heritage. Afla\u021bi despre mo\u0219tenirea dvs. local\u0103 prin [&hellip;]<\/p>\n","protected":false},"author":1,"featured_media":0,"parent":0,"menu_order":2,"comment_status":"open","ping_status":"open","template":"","meta":[],"acf":[],"_links":{"self":[{"href":"https:\/\/climateheritage.eu\/ro\/wp-json\/wp\/v2\/pages\/2525"}],"collection":[{"href":"https:\/\/climateheritage.eu\/ro\/wp-json\/wp\/v2\/pages"}],"about":[{"href":"https:\/\/climateheritage.eu\/ro\/wp-json\/wp\/v2\/types\/page"}],"author":[{"embeddable":true,"href":"https:\/\/climateheritage.eu\/ro\/wp-json\/wp\/v2\/users\/1"}],"replies":[{"embeddable":true,"href":"https:\/\/climateheritage.eu\/ro\/wp-json\/wp\/v2\/comments?post=2525"}],"version-history":[{"count":27,"href":"https:\/\/climateheritage.eu\/ro\/wp-json\/wp\/v2\/pages\/2525\/revisions"}],"predecessor-version":[{"id":3021,"href":"https:\/\/climateheritage.eu\/ro\/wp-json\/wp\/v2\/pages\/2525\/revisions\/3021"}],"wp:attachment":[{"href":"https:\/\/climateheritage.eu\/ro\/wp-json\/wp\/v2\/media?parent=2525"}],"curies":[{"name":"wp","href":"https:\/\/api.w.org\/{rel}","templated":true}]}}